{"id":680,"date":"2025-04-03T21:48:51","date_gmt":"2025-04-03T21:48:51","guid":{"rendered":"https:\/\/munconsulting.org\/?page_id=680"},"modified":"2025-04-18T22:15:49","modified_gmt":"2025-04-18T22:15:49","slug":"about_us","status":"publish","type":"page","link":"https:\/\/munconsulting.org\/fr\/about_us\/","title":{"rendered":"About Us"},"content":{"rendered":"<div data-elementor-type=\"wp-page\" data-elementor-id=\"680\" class=\"elementor elementor-680\" data-elementor-post-type=\"page\">\n\t\t\t\t<div class=\"elementor-element elementor-element-e43805f e-flex e-con-boxed e-con e-parent\" data-id=\"e43805f\" data-element_type=\"container\" data-e-type=\"container\" data-settings=\"{&quot;background_background&quot;:&quot;classic&quot;}\">\n\t\t\t\t\t<div class=\"e-con-inner\">\n\t\t\t\t<div class=\"elementor-element elementor-element-02dcd2f elementor-headline--style-rotate elementor-widget elementor-widget-animated-headline\" data-id=\"02dcd2f\" data-element_type=\"widget\" data-e-type=\"widget\" data-settings=\"{&quot;headline_style&quot;:&quot;rotate&quot;,&quot;animation_type&quot;:&quot;drop-in&quot;,&quot;rotating_text&quot;:&quot;ABOUT US&quot;,&quot;rotate_iteration_delay&quot;:2500}\" data-widget_type=\"animated-headline.default\">\n\t\t\t\t<div class=\"elementor-widget-container\">\n\t\t\t\t\t\t\t<h1 class=\"elementor-headline elementor-headline-animation-type-drop-in\">\n\t\t\t\t<span class=\"elementor-headline-dynamic-wrapper elementor-headline-text-wrapper\">\n\t\t\t\t\t<span class=\"elementor-headline-dynamic-text elementor-headline-text-active\">\n\t\t\t\t\u00c0 PROPOS DE NOUS\t\t\t<\/span>\n\t\t\t\t\t\t<\/span>\n\t\t\t\t<\/h1>\n\t\t\t\t\t\t<\/div>\n\t\t\t\t<\/div>\n\t\t\t\t\t<\/div>\n\t\t\t\t<\/div>\n\t\t<div class=\"elementor-element elementor-element-5b5f060 e-con-full e-flex e-con e-parent\" data-id=\"5b5f060\" data-element_type=\"container\" data-e-type=\"container\">\n\t\t\t\t<div class=\"elementor-element elementor-element-2fb0d61 elementor-widget elementor-widget-heading\" data-id=\"2fb0d61\" data-element_type=\"widget\" data-e-type=\"widget\" data-widget_type=\"heading.default\">\n\t\t\t\t<div class=\"elementor-widget-container\">\n\t\t\t\t\t<h2 class=\"elementor-heading-title elementor-size-default\">QUI SOMMES NOUS<\/h2>\t\t\t\t<\/div>\n\t\t\t\t<\/div>\n\t\t\t\t<div class=\"elementor-element elementor-element-f434e1a elementor-widget-mobile__width-inherit elementor-widget elementor-widget-text-editor\" data-id=\"f434e1a\" data-element_type=\"widget\" data-e-type=\"widget\" data-widget_type=\"text-editor.default\">\n\t\t\t\t<div class=\"elementor-widget-container\">\n\t\t\t\t\t\t\t\t\t<p>MUN CONSULTING LAW FIRM SAS est un cabinet d'avocats, mis en place par un groupe d\u2019avocats ayant constat\u00e9 que les d\u00e9fenseurs des Droits de l\u2019Homme, les Communaut\u00e9s locales vivant autour des grands projets extractifs, forestiers ou de d\u00e9veloppement, les lanceurs d\u2019alerte, tout comme les ONG qui les soutiennent n\u2019ont pas un meilleur acc\u00e8s \u00e0 la justice.<\/p>\t\t\t\t\t\t\t\t<\/div>\n\t\t\t\t<\/div>\n\t\t\t\t<\/div>\n\t\t<div class=\"elementor-element elementor-element-c1342f0 e-con-full e-flex e-con e-parent\" data-id=\"c1342f0\" data-element_type=\"container\" data-e-type=\"container\">\n\t\t\t\t<div class=\"elementor-element elementor-element-c74480c elementor-widget elementor-widget-heading\" data-id=\"c74480c\" data-element_type=\"widget\" data-e-type=\"widget\" data-widget_type=\"heading.default\">\n\t\t\t\t<div class=\"elementor-widget-container\">\n\t\t\t\t\t<h2 class=\"elementor-heading-title elementor-size-default\">QUELLE EST NOTRE VALEUR AJOUTEE<\/h2>\t\t\t\t<\/div>\n\t\t\t\t<\/div>\n\t\t\t\t<\/div>\n\t\t<div class=\"elementor-element elementor-element-447828d e-con-full e-flex e-con e-parent\" data-id=\"447828d\" data-element_type=\"container\" data-e-type=\"container\">\n\t\t<div class=\"elementor-element elementor-element-03ec05b e-con-full e-flex e-con e-child\" data-id=\"03ec05b\" data-element_type=\"container\" data-e-type=\"container\">\n\t\t\t\t<div class=\"elementor-element elementor-element-dabedac elementor-widget elementor-widget-text-editor\" data-id=\"dabedac\" data-element_type=\"widget\" data-e-type=\"widget\" data-widget_type=\"text-editor.default\">\n\t\t\t\t<div class=\"elementor-widget-container\">\n\t\t\t\t\t\t\t\t\t<h4><strong>Collecte des informations de premi\u00e8re main.<\/strong><\/h4><p>Nous aidons dans la collecte de preuves<\/p>\t\t\t\t\t\t\t\t<\/div>\n\t\t\t\t<\/div>\n\t\t\t\t<\/div>\n\t\t<div class=\"elementor-element elementor-element-3123c69 e-con-full e-flex e-con e-child\" data-id=\"3123c69\" data-element_type=\"container\" data-e-type=\"container\">\n\t\t\t\t<div class=\"elementor-element elementor-element-d9ed242 elementor-widget elementor-widget-text-editor\" data-id=\"d9ed242\" data-element_type=\"widget\" data-e-type=\"widget\" data-widget_type=\"text-editor.default\">\n\t\t\t\t<div class=\"elementor-widget-container\">\n\t\t\t\t\t\t\t\t\t<h4><strong>Experience de terrain.<\/strong><\/h4><p>Nous maitrisons le contexte local et International<\/p>\t\t\t\t\t\t\t\t<\/div>\n\t\t\t\t<\/div>\n\t\t\t\t<\/div>\n\t\t<div class=\"elementor-element elementor-element-3897a19 e-con-full e-flex e-con e-child\" data-id=\"3897a19\" data-element_type=\"container\" data-e-type=\"container\">\n\t\t\t\t<div class=\"elementor-element elementor-element-916458f elementor-widget elementor-widget-text-editor\" data-id=\"916458f\" data-element_type=\"widget\" data-e-type=\"widget\" data-widget_type=\"text-editor.default\">\n\t\t\t\t<div class=\"elementor-widget-container\">\n\t\t\t\t\t\t\t\t\t<h4><strong>Engagement aupr\u00e8s de groupes marginalis\u00e9s<\/strong><\/h4><p>Nous servons les communaut\u00e9s, les D\u00e9fenseurs des Droits de l\u2019Homme, de l\u2019environnement et les lanceurs d\u2019alerte<\/p>\t\t\t\t\t\t\t\t<\/div>\n\t\t\t\t<\/div>\n\t\t\t\t<\/div>\n\t\t\t\t<\/div>\n\t\t<div class=\"elementor-element elementor-element-8c63e35 e-con-full e-flex e-con e-parent\" data-id=\"8c63e35\" data-element_type=\"container\" data-e-type=\"container\" data-settings=\"{&quot;background_background&quot;:&quot;classic&quot;}\">\n\t\t<div class=\"elementor-element elementor-element-93fde9f e-con-full e-flex e-con e-child\" data-id=\"93fde9f\" data-element_type=\"container\" data-e-type=\"container\">\n\t\t\t\t<div class=\"elementor-element elementor-element-d7c09a3 elementor-widget elementor-widget-heading\" data-id=\"d7c09a3\" data-element_type=\"widget\" data-e-type=\"widget\" data-widget_type=\"heading.default\">\n\t\t\t\t<div class=\"elementor-widget-container\">\n\t\t\t\t\t<h2 class=\"elementor-heading-title elementor-size-default\">NOTRE MISSION<\/h2>\t\t\t\t<\/div>\n\t\t\t\t<\/div>\n\t\t\t\t<div class=\"elementor-element elementor-element-9fce34a elementor-widget elementor-widget-text-editor\" data-id=\"9fce34a\" data-element_type=\"widget\" data-e-type=\"widget\" data-widget_type=\"text-editor.default\">\n\t\t\t\t<div class=\"elementor-widget-container\">\n\t\t\t\t\t\t\t\t\t<h4>Apporter l\u2019assistance judiciaire et administrative aux communaut\u00e9s locales, aux d\u00e9fenseurs des Droits de l\u2019homme, de l\u2019environnement et aux lanceurs d\u2019alerte\u2026<\/h4>\t\t\t\t\t\t\t\t<\/div>\n\t\t\t\t<\/div>\n\t\t\t\t<div class=\"elementor-element elementor-element-046b59d elementor-widget elementor-widget-heading\" data-id=\"046b59d\" data-element_type=\"widget\" data-e-type=\"widget\" data-widget_type=\"heading.default\">\n\t\t\t\t<div class=\"elementor-widget-container\">\n\t\t\t\t\t<h2 class=\"elementor-heading-title elementor-size-default\">NOTRE VISION<\/h2>\t\t\t\t<\/div>\n\t\t\t\t<\/div>\n\t\t\t\t<div class=\"elementor-element elementor-element-395c0b7 elementor-widget elementor-widget-text-editor\" data-id=\"395c0b7\" data-element_type=\"widget\" data-e-type=\"widget\" data-widget_type=\"text-editor.default\">\n\t\t\t\t<div class=\"elementor-widget-container\">\n\t\t\t\t\t\t\t\t\t<h4>Le monde dans lequel la justice est au-dessus des int\u00e9r\u00eats \u00e9conomiques et politiques des acteurs.<\/h4>\t\t\t\t\t\t\t\t<\/div>\n\t\t\t\t<\/div>\n\t\t\t\t<\/div>\n\t\t\t\t<\/div>\n\t\t<div class=\"elementor-element elementor-element-7fc3f9a e-con-full e-flex e-con e-parent\" data-id=\"7fc3f9a\" data-element_type=\"container\" data-e-type=\"container\">\n\t\t\t\t<div class=\"elementor-element elementor-element-a8b0775 elementor-widget elementor-widget-heading\" data-id=\"a8b0775\" data-element_type=\"widget\" data-e-type=\"widget\" data-widget_type=\"heading.default\">\n\t\t\t\t<div class=\"elementor-widget-container\">\n\t\t\t\t\t<h2 class=\"elementor-heading-title elementor-size-default\">NOTRE HISTOIRE<\/h2>\t\t\t\t<\/div>\n\t\t\t\t<\/div>\n\t\t\t\t<div class=\"elementor-element elementor-element-a7261d5 elementor-widget elementor-widget-text-editor\" data-id=\"a7261d5\" data-element_type=\"widget\" data-e-type=\"widget\" data-widget_type=\"text-editor.default\">\n\t\t\t\t<div class=\"elementor-widget-container\">\n\t\t\t\t\t\t\t\t\t<p>L\u2019\u00e9galit\u00e9 de tous devant la loi, est un principe sacro-saint, dans tout Etat de droit. Apr\u00e8s plusieurs ann\u00e9es d\u2019exp\u00e9rience, les fondateurs du Cabinet MUN Consulting Law Firm SAS avaient const\u00e9 qu\u2019il y a des groupes dans la soci\u00e9t\u00e9 notamment ceux qui d\u00e9fendent l\u2019int\u00e9r\u00eat g\u00e9n\u00e9ral ne disposent pas d\u2019un appui efficace en justice. Tout comme les dossiers portant sur l\u2019int\u00e9r\u00eat g\u00e9n\u00e9ral ne sont pas suivis. C\u2019est dans ce contexte que le Cabinet est mis en place, pour r\u00e9pondre \u00e0 ce besoin social, de r\u00e9tablir la justice pour les victimes.<\/p>\t\t\t\t\t\t\t\t<\/div>\n\t\t\t\t<\/div>\n\t\t\t\t<\/div>\n\t\t\t\t<\/div>","protected":false},"excerpt":{"rendered":"<p>ABOUT&nbsp;US WHO ARE WE MUN CONSULTING LAW FIRM SAS is a law firm established by a group of lawyers who observed that human rights defenders, local communities living around major extractive, forestry, or development projects, whistleblowers, and the NGOs that support them do not have better access to justice. WHAT IS OUR ADDED VALUE Gathering [&hellip;]<\/p>","protected":false},"author":1,"featured_media":0,"parent":0,"menu_order":0,"comment_status":"closed","ping_status":"closed","template":"","meta":{"footnotes":""},"class_list":["post-680","page","type-page","status-publish","hentry"],"yoast_head":"<!-- This site is optimized with the Yoast SEO plugin v27.3 - https:\/\/yoast.com\/product\/yoast-seo-wordpress\/ -->\n<title>About Us - MUN Consulting Law Firm<\/title>\n<meta name=\"robots\" content=\"index, follow, max-snippet:-1, max-image-preview:large, max-video-preview:-1\" \/>\n<link rel=\"canonical\" href=\"https:\/\/munconsulting.org\/fr\/about_us\/\" \/>\n<meta property=\"og:locale\" content=\"fr_FR\" \/>\n<meta property=\"og:type\" content=\"article\" \/>\n<meta property=\"og:title\" content=\"About Us - MUN Consulting Law Firm\" \/>\n<meta property=\"og:description\" content=\"ABOUT&nbsp;US WHO ARE WE MUN CONSULTING LAW FIRM SAS is a law firm established by a group of lawyers who observed that human rights defenders, local communities living around major extractive, forestry, or development projects, whistleblowers, and the NGOs that support them do not have better access to justice. WHAT IS OUR ADDED VALUE Gathering [&hellip;]\" \/>\n<meta property=\"og:url\" content=\"https:\/\/munconsulting.org\/fr\/about_us\/\" \/>\n<meta property=\"og:site_name\" content=\"MUN Consulting Law Firm\" \/>\n<meta property=\"article:modified_time\" content=\"2025-04-18T22:15:49+00:00\" \/>\n<meta name=\"twitter:card\" content=\"summary_large_image\" \/>\n<meta name=\"twitter:label1\" content=\"Dur\u00e9e de lecture estim\u00e9e\" \/>\n\t<meta name=\"twitter:data1\" content=\"1 minute\" \/>\n<script type=\"application\/ld+json\" class=\"yoast-schema-graph\">{\"@context\":\"https:\\\/\\\/schema.org\",\"@graph\":[{\"@type\":\"WebPage\",\"@id\":\"https:\\\/\\\/munconsulting.org\\\/about_us\\\/\",\"url\":\"https:\\\/\\\/munconsulting.org\\\/about_us\\\/\",\"name\":\"About Us - MUN Consulting Law Firm\",\"isPartOf\":{\"@id\":\"https:\\\/\\\/www.munconsulting.org\\\/#website\"},\"datePublished\":\"2025-04-03T21:48:51+00:00\",\"dateModified\":\"2025-04-18T22:15:49+00:00\",\"breadcrumb\":{\"@id\":\"https:\\\/\\\/munconsulting.org\\\/about_us\\\/#breadcrumb\"},\"inLanguage\":\"fr-FR\",\"potentialAction\":[{\"@type\":\"ReadAction\",\"target\":[\"https:\\\/\\\/munconsulting.org\\\/about_us\\\/\"]}]},{\"@type\":\"BreadcrumbList\",\"@id\":\"https:\\\/\\\/munconsulting.org\\\/about_us\\\/#breadcrumb\",\"itemListElement\":[{\"@type\":\"ListItem\",\"position\":1,\"name\":\"Home\",\"item\":\"https:\\\/\\\/munconsulting.org\\\/\"},{\"@type\":\"ListItem\",\"position\":2,\"name\":\"About Us\"}]},{\"@type\":\"WebSite\",\"@id\":\"https:\\\/\\\/www.munconsulting.org\\\/#website\",\"url\":\"https:\\\/\\\/www.munconsulting.org\\\/\",\"name\":\"MUN Consulting Law Firm\",\"description\":\"For legal and administrative assistance to communities and human rights defenders.\",\"publisher\":{\"@id\":\"https:\\\/\\\/www.munconsulting.org\\\/#organization\"},\"potentialAction\":[{\"@type\":\"SearchAction\",\"target\":{\"@type\":\"EntryPoint\",\"urlTemplate\":\"https:\\\/\\\/www.munconsulting.org\\\/?s={search_term_string}\"},\"query-input\":{\"@type\":\"PropertyValueSpecification\",\"valueRequired\":true,\"valueName\":\"search_term_string\"}}],\"inLanguage\":\"fr-FR\"},{\"@type\":\"Organization\",\"@id\":\"https:\\\/\\\/www.munconsulting.org\\\/#organization\",\"name\":\"MUN Consulting Law Firm\",\"url\":\"https:\\\/\\\/www.munconsulting.org\\\/\",\"logo\":{\"@type\":\"ImageObject\",\"inLanguage\":\"fr-FR\",\"@id\":\"https:\\\/\\\/www.munconsulting.org\\\/#\\\/schema\\\/logo\\\/image\\\/\",\"url\":\"https:\\\/\\\/munconsulting.org\\\/wp-content\\\/uploads\\\/2025\\\/03\\\/munconsulting_logo-1.png\",\"contentUrl\":\"https:\\\/\\\/munconsulting.org\\\/wp-content\\\/uploads\\\/2025\\\/03\\\/munconsulting_logo-1.png\",\"width\":1600,\"height\":643,\"caption\":\"MUN Consulting Law Firm\"},\"image\":{\"@id\":\"https:\\\/\\\/www.munconsulting.org\\\/#\\\/schema\\\/logo\\\/image\\\/\"}}]}<\/script>\n<!-- \/ Yoast SEO plugin. -->","yoast_head_json":{"title":"About Us - MUN Consulting Law Firm","robots":{"index":"index","follow":"follow","max-snippet":"max-snippet:-1","max-image-preview":"max-image-preview:large","max-video-preview":"max-video-preview:-1"},"canonical":"https:\/\/munconsulting.org\/fr\/about_us\/","og_locale":"fr_FR","og_type":"article","og_title":"About Us - MUN Consulting Law Firm","og_description":"ABOUT&nbsp;US WHO ARE WE MUN CONSULTING LAW FIRM SAS is a law firm established by a group of lawyers who observed that human rights defenders, local communities living around major extractive, forestry, or development projects, whistleblowers, and the NGOs that support them do not have better access to justice. WHAT IS OUR ADDED VALUE Gathering [&hellip;]","og_url":"https:\/\/munconsulting.org\/fr\/about_us\/","og_site_name":"MUN Consulting Law Firm","article_modified_time":"2025-04-18T22:15:49+00:00","twitter_card":"summary_large_image","twitter_misc":{"Dur\u00e9e de lecture estim\u00e9e":"1 minute"},"schema":{"@context":"https:\/\/schema.org","@graph":[{"@type":"WebPage","@id":"https:\/\/munconsulting.org\/about_us\/","url":"https:\/\/munconsulting.org\/about_us\/","name":"About Us - MUN Consulting Law Firm","isPartOf":{"@id":"https:\/\/www.munconsulting.org\/#website"},"datePublished":"2025-04-03T21:48:51+00:00","dateModified":"2025-04-18T22:15:49+00:00","breadcrumb":{"@id":"https:\/\/munconsulting.org\/about_us\/#breadcrumb"},"inLanguage":"fr-FR","potentialAction":[{"@type":"ReadAction","target":["https:\/\/munconsulting.org\/about_us\/"]}]},{"@type":"BreadcrumbList","@id":"https:\/\/munconsulting.org\/about_us\/#breadcrumb","itemListElement":[{"@type":"ListItem","position":1,"name":"Home","item":"https:\/\/munconsulting.org\/"},{"@type":"ListItem","position":2,"name":"About Us"}]},{"@type":"WebSite","@id":"https:\/\/www.munconsulting.org\/#website","url":"https:\/\/www.munconsulting.org\/","name":"MUN Consulting Law Firm","description":"For legal and administrative assistance to communities and human rights defenders.","publisher":{"@id":"https:\/\/www.munconsulting.org\/#organization"},"potentialAction":[{"@type":"SearchAction","target":{"@type":"EntryPoint","urlTemplate":"https:\/\/www.munconsulting.org\/?s={search_term_string}"},"query-input":{"@type":"PropertyValueSpecification","valueRequired":true,"valueName":"search_term_string"}}],"inLanguage":"fr-FR"},{"@type":"Organization","@id":"https:\/\/www.munconsulting.org\/#organization","name":"MUN Consulting Law Firm","url":"https:\/\/www.munconsulting.org\/","logo":{"@type":"ImageObject","inLanguage":"fr-FR","@id":"https:\/\/www.munconsulting.org\/#\/schema\/logo\/image\/","url":"https:\/\/munconsulting.org\/wp-content\/uploads\/2025\/03\/munconsulting_logo-1.png","contentUrl":"https:\/\/munconsulting.org\/wp-content\/uploads\/2025\/03\/munconsulting_logo-1.png","width":1600,"height":643,"caption":"MUN Consulting Law Firm"},"image":{"@id":"https:\/\/www.munconsulting.org\/#\/schema\/logo\/image\/"}}]}},"_links":{"self":[{"href":"https:\/\/munconsulting.org\/fr\/wp-json\/wp\/v2\/pages\/680","targetHints":{"allow":["GET"]}}],"collection":[{"href":"https:\/\/munconsulting.org\/fr\/wp-json\/wp\/v2\/pages"}],"about":[{"href":"https:\/\/munconsulting.org\/fr\/wp-json\/wp\/v2\/types\/page"}],"author":[{"embeddable":true,"href":"https:\/\/munconsulting.org\/fr\/wp-json\/wp\/v2\/users\/1"}],"replies":[{"embeddable":true,"href":"https:\/\/munconsulting.org\/fr\/wp-json\/wp\/v2\/comments?post=680"}],"version-history":[{"count":20,"href":"https:\/\/munconsulting.org\/fr\/wp-json\/wp\/v2\/pages\/680\/revisions"}],"predecessor-version":[{"id":993,"href":"https:\/\/munconsulting.org\/fr\/wp-json\/wp\/v2\/pages\/680\/revisions\/993"}],"wp:attachment":[{"href":"https:\/\/munconsulting.org\/fr\/wp-json\/wp\/v2\/media?parent=680"}],"curies":[{"name":"wp","href":"https:\/\/api.w.org\/{rel}","templated":true}]}}